{"id":8208,"date":"2026-03-19T18:11:05","date_gmt":"2026-03-19T17:11:05","guid":{"rendered":"https:\/\/lipoid-healthnutrition.com\/?page_id=8208"},"modified":"2026-03-31T09:08:19","modified_gmt":"2026-03-31T07:08:19","slug":"produkt-konzepte","status":"publish","type":"page","link":"https:\/\/lipoid-nutrition.com\/de\/produkte-konzepte\/produkt-konzepte\/","title":{"rendered":"PRODUKT-KONZEPTE"},"content":{"rendered":"<p><div class=\"fusion-fullwidth fullwidth-box fusion-builder-row-1 fusion-flex-container has-pattern-background has-mask-background nonhundred-percent-fullwidth non-hundred-percent-height-scrolling head-banner\" style=\"--awb-border-radius-top-left:0px;--awb-border-radius-top-right:0px;--awb-border-radius-bottom-right:0px;--awb-border-radius-bottom-left:0px;--awb-padding-bottom:50px;--awb-flex-wrap:wrap;\" ><div class=\"fusion-builder-row fusion-row fusion-flex-align-items-stretch fusion-flex-content-wrap\" style=\"max-width:calc( 1400px + 0px );margin-left: calc(-0px \/ 2 );margin-right: calc(-0px \/ 2 );\"><div class=\"fusion-layout-column fusion_builder_column fusion-builder-column-0 fusion_builder_column_1_1 1_1 fusion-flex-column\" style=\"--awb-padding-top:250px;--awb-bg-image:url(&#039;https:\/\/lipoid-nutrition.com\/wp-content\/uploads\/2026\/01\/NUTRITION_website_header_1400x250_product_concepts.jpg&#039;);--awb-bg-position:center center;--awb-bg-size:cover;--awb-width-large:100%;--awb-margin-top-large:0px;--awb-spacing-right-large:0px;--awb-margin-bottom-large:20px;--awb-spacing-left-large:0px;--awb-width-medium:100%;--awb-order-medium:0;--awb-spacing-right-medium:0px;--awb-spacing-left-medium:0px;--awb-width-small:100%;--awb-order-small:0;--awb-spacing-right-small:0px;--awb-spacing-left-small:0px;\" data-scroll-devices=\"small-visibility,medium-visibility,large-visibility\"><div class=\"fusion-column-wrapper fusion-column-has-shadow fusion-flex-justify-content-flex-start fusion-content-layout-column fusion-empty-column-bg-image fusion-column-has-bg-image\" data-bg-url=\"https:\/\/lipoid-nutrition.com\/wp-content\/uploads\/2026\/01\/NUTRITION_website_header_1400x250_product_concepts.jpg\"><img decoding=\"async\" class=\"fusion-empty-dims-img-placeholder fusion-no-large-visibility\" aria-label=\"NUTRITION_website_header_1400x250_product_concepts\" src=\"data:image\/svg+xml,%3Csvg%20xmlns%3D%27http%3A%2F%2Fwww.w3.org%2F2000%2Fsvg%27%20width%3D%271400%27%20height%3D%27250%27%20viewBox%3D%270%200%201400%20250%27%3E%3Crect%20width%3D%271400%27%20height%3D%27250%27%20fill-opacity%3D%220%22%2F%3E%3C%2Fsvg%3E\"><\/div><\/div><\/div><\/div><div class=\"fusion-fullwidth fullwidth-box fusion-builder-row-2 fusion-flex-container has-pattern-background has-mask-background nonhundred-percent-fullwidth non-hundred-percent-height-scrolling\" style=\"--awb-border-radius-top-left:0px;--awb-border-radius-top-right:0px;--awb-border-radius-bottom-right:0px;--awb-border-radius-bottom-left:0px;--awb-padding-right:150px;--awb-padding-left:150px;--awb-flex-wrap:wrap;\" ><div class=\"fusion-builder-row fusion-row fusion-flex-align-items-flex-start fusion-flex-content-wrap\" style=\"max-width:1456px;margin-left: calc(-4% \/ 2 );margin-right: calc(-4% \/ 2 );\"><div class=\"fusion-layout-column fusion_builder_column fusion-builder-column-1 fusion_builder_column_1_1 1_1 fusion-flex-column\" style=\"--awb-bg-size:cover;--awb-width-large:100%;--awb-margin-top-large:0px;--awb-spacing-right-large:1.92%;--awb-margin-bottom-large:20px;--awb-spacing-left-large:1.92%;--awb-width-medium:100%;--awb-order-medium:0;--awb-spacing-right-medium:1.92%;--awb-spacing-left-medium:1.92%;--awb-width-small:100%;--awb-order-small:0;--awb-spacing-right-small:1.92%;--awb-spacing-left-small:1.92%;\"><div class=\"fusion-column-wrapper fusion-column-has-shadow fusion-flex-justify-content-flex-start fusion-content-layout-column\"><div class=\"fusion-title title fusion-title-1 fusion-sep-none fusion-title-text fusion-title-size-one\" style=\"--awb-margin-top-small:10px;--awb-margin-bottom-small:10px;\"><h1 class=\"fusion-title-heading title-heading-left\" style=\"margin:0;\">Produkt Konzepte<\/h1><\/div><\/div><\/div><div class=\"fusion-layout-column fusion_builder_column fusion-builder-column-2 fusion_builder_column_1_1 1_1 fusion-flex-column\" style=\"--awb-bg-size:cover;--awb-width-large:100%;--awb-margin-top-large:0px;--awb-spacing-right-large:1.92%;--awb-margin-bottom-large:20px;--awb-spacing-left-large:1.92%;--awb-width-medium:100%;--awb-order-medium:0;--awb-spacing-right-medium:1.92%;--awb-spacing-left-medium:1.92%;--awb-width-small:100%;--awb-order-small:0;--awb-spacing-right-small:1.92%;--awb-spacing-left-small:1.92%;\"><div class=\"fusion-column-wrapper fusion-column-has-shadow fusion-flex-justify-content-flex-start fusion-content-layout-column\"><div class=\"fusion-title title fusion-title-2 fusion-sep-none fusion-title-text fusion-title-size-three\" style=\"--awb-margin-top-small:10px;--awb-margin-bottom-small:10px;\"><h3 class=\"fusion-title-heading title-heading-left\" style=\"margin:0;\">Phospholipid-basierte Konzepte<\/h3><\/div><div class=\"fusion-separator fusion-full-width-sep\" style=\"align-self: center;margin-left: auto;margin-right: auto;margin-bottom:30px;width:100%;\"><\/div><div class=\"fusion-text fusion-text-1\"><p>Sie haben eine Idee f\u00fcr ein neues Supplement, wissen aber nicht, wie Sie sie umsetzen k\u00f6nnen? Sie haben einen interessanten Aktivstoff, wissen aber nicht wie er formuliert oder in ein fertiges Konsumentenprodukt gebracht werden kann?<\/p>\n<p>Hier unterst\u00fctzen wir sie bei der Entwicklung und Umsetzung von Produktkonzepten, die wissenschaftlich fundierte Rohstoffe mit Phospholipiden als Schl\u00fcsseltechnologie verbinden und zeigen, wie aus einer Idee ein marktf\u00e4higes Supplement werden kann. Unsere Konzepte verk\u00fcrzen Entwicklungszeiten, reduzieren Unsicherheiten und liefern Inspiration f\u00fcr innovative Produkte.<\/p>\n<p>Unsere Konzepte sind mehr als nur Produktideen \u2013 sie sind praxisnahe L\u00f6sungen, die Phospholipide als eigenen Aktivstoff oder als nat\u00fcrlichen Hilfsstoff nutzen, um effektive Verkapselungssysteme zur Erh\u00f6hung der Bioverf\u00fcgbarkeit und Stabilit\u00e4t herzustellen.<\/p>\n<p>Wir kombinieren wissenschaftlich gepr\u00fcfte Inhaltsstoffe mit klarer Nutzenkommunikation und innovativen Darreichungsformen \u2013 ob Spray, Tropfen oder Kapsel. Damit geben wir Brand Ownern und Herstellern eine konkrete Grundlage, um Produkte schneller in den Markt zu bringen und sich klar von Mitbewerbern zu differenzieren.<\/p>\n<\/div><div class=\"fusion-separator fusion-full-width-sep\" style=\"align-self: center;margin-left: auto;margin-right: auto;margin-bottom:20px;width:100%;\"><\/div><\/div><\/div><div class=\"fusion-layout-column fusion_builder_column fusion-builder-column-3 fusion_builder_column_1_1 1_1 fusion-flex-column\" style=\"--awb-bg-size:cover;--awb-width-large:100%;--awb-margin-top-large:0px;--awb-spacing-right-large:1.92%;--awb-margin-bottom-large:20px;--awb-spacing-left-large:1.92%;--awb-width-medium:100%;--awb-order-medium:0;--awb-spacing-right-medium:1.92%;--awb-spacing-left-medium:1.92%;--awb-width-small:100%;--awb-order-small:0;--awb-spacing-right-small:1.92%;--awb-spacing-left-small:1.92%;\"><div class=\"fusion-column-wrapper fusion-column-has-shadow fusion-flex-justify-content-flex-start fusion-content-layout-column\"><div class=\"fusion-text fusion-text-2\"><h4>Beispielkonzepte<\/h4>\n<p>Um die M\u00f6glichkeiten von Phospholipiden greifbar zu machen, haben wir beispielhaft eine Reihe innovativer Produktkonzepte entwickelt. Von kognitiver Leistung \u00fcber Lebergesundheit bis hin zur Einschlafhilfe \u2013 unsere Konzepte liefern Inspiration, wie aktuelle Verbrauchertrends in wissenschaftlich fundierte und verkaufsstarke Produkte \u00fcbersetzt werden k\u00f6nnen:<\/p>\n<\/div><div class=\"fusion-separator fusion-full-width-sep\" style=\"align-self: center;margin-left: auto;margin-right: auto;margin-bottom:50px;width:100%;\"><\/div><\/div><\/div><\/div><\/div><div class=\"fusion-fullwidth fullwidth-box fusion-builder-row-3 fusion-flex-container has-pattern-background has-mask-background nonhundred-percent-fullwidth non-hundred-percent-height-scrolling\" style=\"--awb-border-radius-top-left:0px;--awb-border-radius-top-right:0px;--awb-border-radius-bottom-right:0px;--awb-border-radius-bottom-left:0px;--awb-padding-right:150px;--awb-padding-bottom:30px;--awb-padding-left:150px;--awb-flex-wrap:wrap;\" ><div class=\"fusion-builder-row fusion-row fusion-flex-align-items-flex-start fusion-flex-content-wrap\" style=\"max-width:1456px;margin-left: calc(-4% \/ 2 );margin-right: calc(-4% \/ 2 );\"><div class=\"fusion-layout-column fusion_builder_column fusion-builder-column-4 fusion_builder_column_1_1 1_1 fusion-flex-column\" style=\"--awb-bg-size:cover;--awb-width-large:100%;--awb-margin-top-large:0px;--awb-spacing-right-large:1.92%;--awb-margin-bottom-large:20px;--awb-spacing-left-large:1.92%;--awb-width-medium:100%;--awb-order-medium:0;--awb-spacing-right-medium:1.92%;--awb-spacing-left-medium:1.92%;--awb-width-small:100%;--awb-order-small:0;--awb-spacing-right-small:1.92%;--awb-spacing-left-small:1.92%;\"><div class=\"fusion-column-wrapper fusion-column-has-shadow fusion-flex-justify-content-flex-start fusion-content-layout-column\"><div class=\"accordian fusion-accordian\" style=\"--awb-border-size:1px;--awb-icon-size:12px;--awb-content-font-size:22px;--awb-icon-alignment:right;--awb-hover-color:#f9f9fb;--awb-border-color:#e2e2e2;--awb-background-color:#ffffff;--awb-divider-color:#555555;--awb-divider-hover-color:#e2e2e2;--awb-icon-color:#d1813c;--awb-title-color:#555555;--awb-content-color:#555555555;--awb-icon-box-color:#212934;--awb-toggle-hover-accent-color:#d1813c;--awb-toggle-active-accent-color:#d1813c;--awb-title-font-family:&quot;FFDIN Regular&quot;;--awb-title-font-weight:400;--awb-title-font-style:normal;--awb-title-font-size:20px;--awb-title-line-height:1.2;--awb-content-font-family:&quot;FFDIN Light&quot;;--awb-content-font-style:normal;--awb-content-font-weight:400;\"><div class=\"panel-group fusion-toggle-icon-right fusion-toggle-icon-unboxed\" id=\"accordion-8208-1\"><div class=\"fusion-panel panel-default panel-cd5b94b8e5c545f36 fusion-toggle-has-divider\" style=\"--awb-title-color:#212934;--awb-content-color:#555555555;\"><div class=\"panel-heading\"><h3 class=\"panel-title toggle\" id=\"toggle_cd5b94b8e5c545f36\"><a aria-expanded=\"false\" aria-controls=\"cd5b94b8e5c545f36\" role=\"button\" data-toggle=\"collapse\" data-parent=\"#accordion-8208-1\" data-target=\"#cd5b94b8e5c545f36\" href=\"#cd5b94b8e5c545f36\"><span class=\"fusion-toggle-icon-wrapper\" aria-hidden=\"true\"><i class=\"fa-fusion-box active-icon fa-backward fas\" aria-hidden=\"true\"><\/i><i class=\"fa-fusion-box inactive-icon fa-align-justify fas\" aria-hidden=\"true\"><\/i><\/span><span class=\"fusion-toggle-heading\"><i>VitaPC FOCUS<\/i> <\/span><\/a><\/h3><\/div><div id=\"cd5b94b8e5c545f36\" class=\"panel-collapse collapse \" aria-labelledby=\"toggle_cd5b94b8e5c545f36\"><div class=\"panel-body toggle-content fusion-clearfix\">\n<p class=\"p1\"><img decoding=\"async\" class=\"alignright\" src=\"https:\/\/lipoid-nutrition.com\/wp-content\/uploads\/2026\/01\/lipoid-nutrition-pc_brain_support.jpg\" alt=\"\" width=\"450\" height=\"450\" \/>Unterst\u00fctzung der kognitiven Leistungsf\u00e4higkeit und des mentalen Wohlbefindens.<\/p>\n<h4>Inhaltsstoffe:<\/h4>\n<p class=\"p1\">Phosphatidylcholin, Vitamin B5 und Gingko.<\/p>\n<h4>Besonderheiten:<\/h4>\n<p class=\"p1\">Phosphatidylcholin als innovativer Aktivstoff.<\/p>\n<h4>Health Claims (EU):<\/h4>\n<p class=\"p1\">\u201eTr\u00e4gt zu einer normalen geistigen Leistung bei\u201c (Vitamin B5).<\/p>\n<\/div><\/div><\/div><div class=\"fusion-panel panel-default panel-8b667b2556f99a496 fusion-toggle-has-divider\" style=\"--awb-title-color:#212934;--awb-content-color:#555555555;\"><div class=\"panel-heading\"><h3 class=\"panel-title toggle\" id=\"toggle_8b667b2556f99a496\"><a aria-expanded=\"false\" aria-controls=\"8b667b2556f99a496\" role=\"button\" data-toggle=\"collapse\" data-parent=\"#accordion-8208-1\" data-target=\"#8b667b2556f99a496\" href=\"#8b667b2556f99a496\"><span class=\"fusion-toggle-icon-wrapper\" aria-hidden=\"true\"><i class=\"fa-fusion-box active-icon fa-backward fas\" aria-hidden=\"true\"><\/i><i class=\"fa-fusion-box inactive-icon fa-align-justify fas\" aria-hidden=\"true\"><\/i><\/span><span class=\"fusion-toggle-heading\"><i>VitaPC LIVER<\/i> <\/span><\/a><\/h3><\/div><div id=\"8b667b2556f99a496\" class=\"panel-collapse collapse \" aria-labelledby=\"toggle_8b667b2556f99a496\"><div class=\"panel-body toggle-content fusion-clearfix\">\n<p class=\"p1\"><img decoding=\"async\" class=\"size-full wp-image-7544 alignright\" src=\"https:\/\/lipoid-nutrition.com\/wp-content\/uploads\/2026\/01\/lipoid-nutrition-pc_liver_support.jpg\" alt=\"\" width=\"450\" height=\"450\" srcset=\"https:\/\/lipoid-nutrition.com\/wp-content\/uploads\/2026\/01\/lipoid-nutrition-pc_liver_support-66x66.jpg 66w, https:\/\/lipoid-nutrition.com\/wp-content\/uploads\/2026\/01\/lipoid-nutrition-pc_liver_support-150x150.jpg 150w, https:\/\/lipoid-nutrition.com\/wp-content\/uploads\/2026\/01\/lipoid-nutrition-pc_liver_support-200x200.jpg 200w, https:\/\/lipoid-nutrition.com\/wp-content\/uploads\/2026\/01\/lipoid-nutrition-pc_liver_support-300x300.jpg 300w, https:\/\/lipoid-nutrition.com\/wp-content\/uploads\/2026\/01\/lipoid-nutrition-pc_liver_support-400x400.jpg 400w, https:\/\/lipoid-nutrition.com\/wp-content\/uploads\/2026\/01\/lipoid-nutrition-pc_liver_support.jpg 450w\" sizes=\"(max-width: 450px) 100vw, 450px\" \/>Wertvoller Beitrag zu einer gesunden Leberfunktion und antioxidativem Schutz.<\/p>\n<h4>Inhaltsstoffe:<\/h4>\n<p class=\"p1\">Phosphatidylcholin, Vitamin E und Curcumin.<\/p>\n<h4>Besonderheiten:<\/h4>\n<p class=\"p1\">Phosphatidylcholin in doppelter Funktion: als Aktivstoff und zur Verbesserung der Bioverf\u00fcgbarkeit von Curcumin und Vitamin E.<\/p>\n<h4>Health Claims (EU):<\/h4>\n<p>\u201cTr\u00e4gt zur Erhaltung einer normalen Leberfunktion bei\u201d (Cholin\/Vitamin E).<\/p>\n<p>\u201cTr\u00e4gt dazu bei, Zellen vor oxidativem Stress zu sch\u00fctzen\u201d (Vit E).<\/p>\n<\/div><\/div><\/div><div class=\"fusion-panel panel-default panel-b8f65ce6797801598 fusion-toggle-has-divider\" style=\"--awb-title-color:#212934;--awb-content-color:#555555555;\"><div class=\"panel-heading\"><h3 class=\"panel-title toggle\" id=\"toggle_b8f65ce6797801598\"><a aria-expanded=\"false\" aria-controls=\"b8f65ce6797801598\" role=\"button\" data-toggle=\"collapse\" data-parent=\"#accordion-8208-1\" data-target=\"#b8f65ce6797801598\" href=\"#b8f65ce6797801598\"><span class=\"fusion-toggle-icon-wrapper\" aria-hidden=\"true\"><i class=\"fa-fusion-box active-icon fa-backward fas\" aria-hidden=\"true\"><\/i><i class=\"fa-fusion-box inactive-icon fa-align-justify fas\" aria-hidden=\"true\"><\/i><\/span><span class=\"fusion-toggle-heading\"><i>VitaPC SLEEP<\/i><\/span><\/a><\/h3><\/div><div id=\"b8f65ce6797801598\" class=\"panel-collapse collapse \" aria-labelledby=\"toggle_b8f65ce6797801598\"><div class=\"panel-body toggle-content fusion-clearfix\">\n<p class=\"p1\"><img decoding=\"async\" class=\"size-full wp-image-7540 alignright\" src=\"https:\/\/lipoid-nutrition.com\/wp-content\/uploads\/2026\/01\/lipoid-nutrition-cgi_spray_mund.jpg\" alt=\"\" width=\"450\" height=\"450\" srcset=\"https:\/\/lipoid-nutrition.com\/wp-content\/uploads\/2026\/01\/lipoid-nutrition-cgi_spray_mund-66x66.jpg 66w, https:\/\/lipoid-nutrition.com\/wp-content\/uploads\/2026\/01\/lipoid-nutrition-cgi_spray_mund-150x150.jpg 150w, https:\/\/lipoid-nutrition.com\/wp-content\/uploads\/2026\/01\/lipoid-nutrition-cgi_spray_mund-200x200.jpg 200w, https:\/\/lipoid-nutrition.com\/wp-content\/uploads\/2026\/01\/lipoid-nutrition-cgi_spray_mund-300x300.jpg 300w, https:\/\/lipoid-nutrition.com\/wp-content\/uploads\/2026\/01\/lipoid-nutrition-cgi_spray_mund-400x400.jpg 400w, https:\/\/lipoid-nutrition.com\/wp-content\/uploads\/2026\/01\/lipoid-nutrition-cgi_spray_mund.jpg 450w\" sizes=\"(max-width: 450px) 100vw, 450px\" \/>F\u00f6rderung des Einschlafens und erholsamem Schlaf.<\/p>\n<h4>Inhaltsstoffe:<\/h4>\n<p class=\"p1\">Phosphatidylcholin, Melatonin, schlaff\u00f6rdernder Pflanzenausz\u00fcge (Lavendel oder Passionsblume), Aroma.<\/p>\n<h4>Besonderheiten:<\/h4>\n<p class=\"p1\">Liposomal verkapseltes Melatonin wirkt direkt vor dem Schlafengehen ohne zeitliche Verz\u00f6gerung.<\/p>\n<p class=\"p1\">Durch den Einsatz von Phospholipiden kann auf den Zusatz von Ethanol verzichtet werden.<\/p>\n<h4>Health Claims (EU):<\/h4>\n<p class=\"p1\">\u201eMelatonin tr\u00e4gt dazu bei, die Einschlafzeit zu verk\u00fcrzen\u201c und \u201eMelatonin tr\u00e4gt zur Linderung der subjektiven Jetlag-Empfindung bei\u201c.<\/p>\n<\/div><\/div><\/div><\/div><\/div><\/div><\/div><\/div><\/div><div class=\"fusion-fullwidth fullwidth-box fusion-builder-row-4 fusion-flex-container has-pattern-background has-mask-background nonhundred-percent-fullwidth non-hundred-percent-height-scrolling\" style=\"--awb-border-radius-top-left:0px;--awb-border-radius-top-right:0px;--awb-border-radius-bottom-right:0px;--awb-border-radius-bottom-left:0px;--awb-padding-right:150px;--awb-padding-bottom:30px;--awb-padding-left:150px;--awb-flex-wrap:wrap;\" ><div class=\"fusion-builder-row fusion-row fusion-flex-align-items-flex-start fusion-flex-content-wrap\" style=\"max-width:1456px;margin-left: calc(-4% \/ 2 );margin-right: calc(-4% \/ 2 );\"><div class=\"fusion-layout-column fusion_builder_column fusion-builder-column-5 fusion_builder_column_1_1 1_1 fusion-flex-column\" style=\"--awb-bg-size:cover;--awb-width-large:100%;--awb-margin-top-large:0px;--awb-spacing-right-large:1.92%;--awb-margin-bottom-large:20px;--awb-spacing-left-large:1.92%;--awb-width-medium:100%;--awb-order-medium:0;--awb-spacing-right-medium:1.92%;--awb-spacing-left-medium:1.92%;--awb-width-small:100%;--awb-order-small:0;--awb-spacing-right-small:1.92%;--awb-spacing-left-small:1.92%;\"><div class=\"fusion-column-wrapper fusion-column-has-shadow fusion-flex-justify-content-flex-start fusion-content-layout-column\"><div class=\"fusion-text fusion-text-3\"><h4>PhytoSolve<span class=\"s1\">\u00ae <\/span>\u2013 Proof-of-Concept for clear nano-emulsions<\/h4>\n<p>PhytoSolve<sup>\u00ae<\/sup> \u2013 Wasserl\u00f6sliche und transparente Nanoemulsionen mit unterschiedlichen fettl\u00f6slichen Aktivstoffen, wie Vitamin A, D, E, K; Q10 und Ubiquinol, Omega-3 und Astaxanthin. Die Formulierung zeichnet sich durch eine hohe Stabilit\u00e4t und verbesserte Bioverf\u00fcgbarkeit aus.<\/p>\n<\/div><div class=\"fusion-separator fusion-full-width-sep\" style=\"align-self: center;margin-left: auto;margin-right: auto;margin-top:80px;width:100%;\"><\/div><div class=\"fusion-text fusion-text-4\"><p>Diese Konzepte sind flexibel anpassbar \u2013 sowohl in Bezug auf die Wirkstoffkombinationen als auch auf die Darreichungsform. So k\u00f6nnen individuelle Markenidentit\u00e4ten und Marktstrategien optimal umgesetzt werden. Unsere Konzepte warten auf Sie! <a href=\"https:\/\/lipoid-nutrition.com\/de\/kontakt\/\"><u>Nehmen Sie noch heute Kontakt auf!<\/u><\/a><\/p>\n<\/div><\/div><\/div><\/div><\/div><div class=\"fusion-fullwidth fullwidth-box fusion-builder-row-5 fusion-flex-container has-pattern-background has-mask-background nonhundred-percent-fullwidth non-hundred-percent-height-scrolling\" style=\"--awb-border-radius-top-left:0px;--awb-border-radius-top-right:0px;--awb-border-radius-bottom-right:0px;--awb-border-radius-bottom-left:0px;--awb-padding-top:50px;--awb-flex-wrap:wrap;\" ><div class=\"fusion-builder-row fusion-row fusion-flex-align-items-flex-start fusion-flex-content-wrap\" style=\"max-width:1456px;margin-left: calc(-4% \/ 2 );margin-right: calc(-4% \/ 2 );\"><div class=\"fusion-layout-column fusion_builder_column fusion-builder-column-6 fusion_builder_column_1_1 1_1 fusion-flex-column\" style=\"--awb-bg-size:cover;--awb-width-large:100%;--awb-margin-top-large:0px;--awb-spacing-right-large:1.92%;--awb-margin-bottom-large:20px;--awb-spacing-left-large:1.92%;--awb-width-medium:100%;--awb-order-medium:0;--awb-spacing-right-medium:1.92%;--awb-spacing-left-medium:1.92%;--awb-width-small:100%;--awb-order-small:0;--awb-spacing-right-small:1.92%;--awb-spacing-left-small:1.92%;\"><div class=\"fusion-column-wrapper fusion-column-has-shadow fusion-flex-justify-content-flex-start fusion-content-layout-column\"><\/div><\/div><\/div><\/div><\/p>\n","protected":false},"excerpt":{"rendered":"","protected":false},"author":2,"featured_media":0,"parent":8198,"menu_order":2,"comment_status":"closed","ping_status":"closed","template":"","meta":{"_acf_changed":false,"footnotes":""},"folder":[],"class_list":["post-8208","page","type-page","status-publish","hentry"],"acf":[],"_links":{"self":[{"href":"https:\/\/lipoid-nutrition.com\/de\/wp-json\/wp\/v2\/pages\/8208","targetHints":{"allow":["GET"]}}],"collection":[{"href":"https:\/\/lipoid-nutrition.com\/de\/wp-json\/wp\/v2\/pages"}],"about":[{"href":"https:\/\/lipoid-nutrition.com\/de\/wp-json\/wp\/v2\/types\/page"}],"author":[{"embeddable":true,"href":"https:\/\/lipoid-nutrition.com\/de\/wp-json\/wp\/v2\/users\/2"}],"replies":[{"embeddable":true,"href":"https:\/\/lipoid-nutrition.com\/de\/wp-json\/wp\/v2\/comments?post=8208"}],"version-history":[{"count":16,"href":"https:\/\/lipoid-nutrition.com\/de\/wp-json\/wp\/v2\/pages\/8208\/revisions"}],"predecessor-version":[{"id":8493,"href":"https:\/\/lipoid-nutrition.com\/de\/wp-json\/wp\/v2\/pages\/8208\/revisions\/8493"}],"up":[{"embeddable":true,"href":"https:\/\/lipoid-nutrition.com\/de\/wp-json\/wp\/v2\/pages\/8198"}],"wp:attachment":[{"href":"https:\/\/lipoid-nutrition.com\/de\/wp-json\/wp\/v2\/media?parent=8208"}],"wp:term":[{"taxonomy":"folder","embeddable":true,"href":"https:\/\/lipoid-nutrition.com\/de\/wp-json\/wp\/v2\/folder?post=8208"}],"curies":[{"name":"wp","href":"https:\/\/api.w.org\/{rel}","templated":true}]}}