{"id":8252,"date":"2026-03-21T21:06:14","date_gmt":"2026-03-21T20:06:14","guid":{"rendered":"https:\/\/lipoid-healthnutrition.com\/?page_id=8252"},"modified":"2026-03-23T18:16:36","modified_gmt":"2026-03-23T17:16:36","slug":"compliance","status":"publish","type":"page","link":"https:\/\/lipoid-nutrition.com\/de\/compliance\/","title":{"rendered":"Compliance"},"content":{"rendered":"<p><div class=\"fusion-fullwidth fullwidth-box fusion-builder-row-1 fusion-flex-container has-pattern-background has-mask-background nonhundred-percent-fullwidth non-hundred-percent-height-scrolling head-banner\" style=\"--awb-border-radius-top-left:0px;--awb-border-radius-top-right:0px;--awb-border-radius-bottom-right:0px;--awb-border-radius-bottom-left:0px;--awb-padding-bottom:30px;--awb-flex-wrap:wrap;\" ><div class=\"fusion-builder-row fusion-row fusion-flex-align-items-stretch fusion-flex-content-wrap\" style=\"max-width:calc( 1400px + 0px );margin-left: calc(-0px \/ 2 );margin-right: calc(-0px \/ 2 );\"><div class=\"fusion-layout-column fusion_builder_column fusion-builder-column-0 fusion_builder_column_1_1 1_1 fusion-flex-column\" style=\"--awb-padding-top:250px;--awb-bg-image:url(&#039;https:\/\/lipoid-nutrition.com\/wp-content\/uploads\/2026\/01\/NUTRITION_website_header_1400x250_about_us.jpg&#039;);--awb-bg-position:center center;--awb-bg-size:cover;--awb-width-large:100%;--awb-margin-top-large:0px;--awb-spacing-right-large:0px;--awb-margin-bottom-large:20px;--awb-spacing-left-large:0px;--awb-width-medium:100%;--awb-order-medium:0;--awb-spacing-right-medium:0px;--awb-spacing-left-medium:0px;--awb-width-small:100%;--awb-order-small:0;--awb-spacing-right-small:0px;--awb-spacing-left-small:0px;\" data-scroll-devices=\"small-visibility,medium-visibility,large-visibility\"><div class=\"fusion-column-wrapper fusion-column-has-shadow fusion-flex-justify-content-flex-start fusion-content-layout-column fusion-empty-column-bg-image fusion-column-has-bg-image\" data-bg-url=\"https:\/\/lipoid-nutrition.com\/wp-content\/uploads\/2026\/01\/NUTRITION_website_header_1400x250_about_us.jpg\"><img decoding=\"async\" class=\"fusion-empty-dims-img-placeholder fusion-no-large-visibility\" aria-label=\"NUTRITION_website_header_1400x250_about_us\" src=\"data:image\/svg+xml,%3Csvg%20xmlns%3D%27http%3A%2F%2Fwww.w3.org%2F2000%2Fsvg%27%20width%3D%271400%27%20height%3D%27250%27%20viewBox%3D%270%200%201400%20250%27%3E%3Crect%20width%3D%271400%27%20height%3D%27250%27%20fill-opacity%3D%220%22%2F%3E%3C%2Fsvg%3E\"><\/div><\/div><\/div><\/div><div class=\"fusion-fullwidth fullwidth-box fusion-builder-row-2 fusion-flex-container has-pattern-background has-mask-background nonhundred-percent-fullwidth non-hundred-percent-height-scrolling\" style=\"--awb-border-radius-top-left:0px;--awb-border-radius-top-right:0px;--awb-border-radius-bottom-right:0px;--awb-border-radius-bottom-left:0px;--awb-padding-right:150px;--awb-padding-left:150px;--awb-flex-wrap:wrap;\" ><div class=\"fusion-builder-row fusion-row fusion-flex-align-items-flex-start fusion-flex-content-wrap\" style=\"max-width:1456px;margin-left: calc(-4% \/ 2 );margin-right: calc(-4% \/ 2 );\"><div class=\"fusion-layout-column fusion_builder_column fusion-builder-column-1 fusion_builder_column_1_1 1_1 fusion-flex-column\" style=\"--awb-bg-size:cover;--awb-width-large:100%;--awb-margin-top-large:0px;--awb-spacing-right-large:1.92%;--awb-margin-bottom-large:20px;--awb-spacing-left-large:1.92%;--awb-width-medium:100%;--awb-order-medium:0;--awb-spacing-right-medium:1.92%;--awb-spacing-left-medium:1.92%;--awb-width-small:100%;--awb-order-small:0;--awb-spacing-right-small:1.92%;--awb-spacing-left-small:1.92%;\"><div class=\"fusion-column-wrapper fusion-column-has-shadow fusion-flex-justify-content-flex-start fusion-content-layout-column\"><div class=\"fusion-title title fusion-title-1 fusion-sep-none fusion-title-text fusion-title-size-one\" style=\"--awb-text-color:#d1813c;--awb-margin-top-small:10px;--awb-margin-bottom-small:10px;\"><h1 class=\"fusion-title-heading title-heading-left\" style=\"margin:0;\">Compliance<\/h1><\/div><\/div><\/div><div class=\"fusion-layout-column fusion_builder_column fusion-builder-column-2 fusion_builder_column_1_1 1_1 fusion-flex-column\" style=\"--awb-bg-size:cover;--awb-width-large:100%;--awb-margin-top-large:0px;--awb-spacing-right-large:1.92%;--awb-margin-bottom-large:20px;--awb-spacing-left-large:1.92%;--awb-width-medium:100%;--awb-order-medium:0;--awb-spacing-right-medium:1.92%;--awb-spacing-left-medium:1.92%;--awb-width-small:100%;--awb-order-small:0;--awb-spacing-right-small:1.92%;--awb-spacing-left-small:1.92%;\"><div class=\"fusion-column-wrapper fusion-column-has-shadow fusion-flex-justify-content-flex-start fusion-content-layout-column\"><div class=\"fusion-text fusion-text-1\"><h4>Ethisches und gesetzeskonformes Handeln sichert unseren langfristigen Erfolg<\/h4>\n<p>Compliance bedeutet f\u00fcr Lipoid, nach externen und internen Standards zu handeln. Diese k\u00f6nnen durch externe Gesetze und Vorschriften auferlegt oder durch interne Programme, Verfahren und Kontrollen definiert sein. Verantwortungsbewusstes, ethisch korrektes und rechtm\u00e4\u00dfiges Handeln ist f\u00fcr den Erfolg von Lipoid ebenso grundlegend wie unsere Kundenorientierung und die Qualit\u00e4t unserer Produkte.<\/p>\n<p>Die wesentlichen Leitlinien f\u00fcr unser Handeln sind daher in unserem Verhaltenskodex beschrieben. Er ist f\u00fcr alle Lipoid-Mitarbeiter weltweit verbindlich und soll dazu beitragen, Risiken zu erkennen und damit Verst\u00f6\u00dfe gegen das Gesetz zu verhindern.<\/p>\n<p><a href=\"https:\/\/lipoid.com\/wp-content\/uploads\/2025\/08\/LIPOID_broschuere_unternehmensleitsaetze_2025_DE_final.pdf\" target=\"_blank\" rel=\"noopener\"><u>Auszug aus dem Verhaltenskodex<\/u><\/a><\/p>\n<h4>Hinweisgeber-System Compliance-Versto\u00df<\/h4>\n<p>Das Hinweisgeber-System der Lipoid-Gruppe ist f\u00fcr die Meldung konkreter oder potenzieller Rechtsverst\u00f6\u00dfe durch Mitarbeiter der Gruppe zust\u00e4ndig.<br \/>Auch Gesch\u00e4ftspartner, Kunden oder andere Dritte haben die M\u00f6glichkeit, bei konkreten Hinweisen auf Regelverst\u00f6\u00dfe rund um die Uhr \u00fcber verschiedene Meldekan\u00e4le Meldungen einzureichen. So k\u00f6nnen Risiken fr\u00fchzeitig erkannt und angegangen und gegebenenfalls geeignete Abhilfema\u00dfnahmen ergriffen werden.<br \/>Vertraulichkeit und der Schutz der Hinweisgeber stehen dabei an erster Stelle. Informationen k\u00f6nnen hier anonym gemeldet werden. Es ist unsere konzernweite Politik, keine Schritte zu unternehmen, um die Identit\u00e4t eines Hinweisgebers zu ermitteln, der anonym meldet.<br \/>Neben den F\u00fchrungskr\u00e4ften, den lokalen Compliance-Abteilungen und den Arbeitnehmervertretern als traditionellen Ansprechpartnern stehen den Mitarbeitern der Lipoid-Gruppe und externen Hinweisgebern verschiedene Meldewege zur Verf\u00fcgung.<\/p>\n<h4>Anonymes Hinweisgeber System<\/h4>\n<p><a href=\"https:\/\/lipoid.com\/wp-content\/uploads\/2025\/01\/LIPOID_INT_info_hinweisgeberschutzges_DE_screenview.pdf\" target=\"_blank\" rel=\"noopener\"><u>Information<\/u><\/a>\u00a0 \u00a0 \u00a0 \u00a0 \u00a0<a href=\"https:\/\/hinweisgebersystem.ftapi.com\/secuform\/portal\/whistleblower-lipoid\" target=\"_blank\" rel=\"noopener\"><u>Whistleblower Formular<\/u><\/a><\/p>\n<\/div><\/div><\/div><\/div><\/div><div class=\"fusion-fullwidth fullwidth-box fusion-builder-row-3 fusion-flex-container has-pattern-background has-mask-background nonhundred-percent-fullwidth non-hundred-percent-height-scrolling\" style=\"--awb-border-radius-top-left:0px;--awb-border-radius-top-right:0px;--awb-border-radius-bottom-right:0px;--awb-border-radius-bottom-left:0px;--awb-padding-top:50px;--awb-flex-wrap:wrap;\" ><div class=\"fusion-builder-row fusion-row fusion-flex-align-items-flex-start fusion-flex-content-wrap\" style=\"max-width:1456px;margin-left: calc(-4% \/ 2 );margin-right: calc(-4% \/ 2 );\"><div class=\"fusion-layout-column fusion_builder_column fusion-builder-column-3 fusion_builder_column_1_1 1_1 fusion-flex-column\" style=\"--awb-bg-size:cover;--awb-width-large:100%;--awb-margin-top-large:0px;--awb-spacing-right-large:1.92%;--awb-margin-bottom-large:20px;--awb-spacing-left-large:1.92%;--awb-width-medium:100%;--awb-order-medium:0;--awb-spacing-right-medium:1.92%;--awb-spacing-left-medium:1.92%;--awb-width-small:100%;--awb-order-small:0;--awb-spacing-right-small:1.92%;--awb-spacing-left-small:1.92%;\"><div class=\"fusion-column-wrapper fusion-column-has-shadow fusion-flex-justify-content-flex-start fusion-content-layout-column\"><\/div><\/div><\/div><\/div><\/p>\n","protected":false},"excerpt":{"rendered":"","protected":false},"author":2,"featured_media":0,"parent":0,"menu_order":0,"comment_status":"closed","ping_status":"closed","template":"","meta":{"_acf_changed":false,"footnotes":""},"folder":[],"class_list":["post-8252","page","type-page","status-publish","hentry"],"acf":[],"_links":{"self":[{"href":"https:\/\/lipoid-nutrition.com\/de\/wp-json\/wp\/v2\/pages\/8252","targetHints":{"allow":["GET"]}}],"collection":[{"href":"https:\/\/lipoid-nutrition.com\/de\/wp-json\/wp\/v2\/pages"}],"about":[{"href":"https:\/\/lipoid-nutrition.com\/de\/wp-json\/wp\/v2\/types\/page"}],"author":[{"embeddable":true,"href":"https:\/\/lipoid-nutrition.com\/de\/wp-json\/wp\/v2\/users\/2"}],"replies":[{"embeddable":true,"href":"https:\/\/lipoid-nutrition.com\/de\/wp-json\/wp\/v2\/comments?post=8252"}],"version-history":[{"count":5,"href":"https:\/\/lipoid-nutrition.com\/de\/wp-json\/wp\/v2\/pages\/8252\/revisions"}],"predecessor-version":[{"id":8337,"href":"https:\/\/lipoid-nutrition.com\/de\/wp-json\/wp\/v2\/pages\/8252\/revisions\/8337"}],"wp:attachment":[{"href":"https:\/\/lipoid-nutrition.com\/de\/wp-json\/wp\/v2\/media?parent=8252"}],"wp:term":[{"taxonomy":"folder","embeddable":true,"href":"https:\/\/lipoid-nutrition.com\/de\/wp-json\/wp\/v2\/folder?post=8252"}],"curies":[{"name":"wp","href":"https:\/\/api.w.org\/{rel}","templated":true}]}}