{"id":8271,"date":"2026-03-22T12:37:28","date_gmt":"2026-03-22T11:37:28","guid":{"rendered":"https:\/\/lipoid-healthnutrition.com\/?page_id=8271"},"modified":"2026-03-27T08:52:49","modified_gmt":"2026-03-27T07:52:49","slug":"impressum","status":"publish","type":"page","link":"https:\/\/lipoid-nutrition.com\/de\/impressum\/","title":{"rendered":"Impressum"},"content":{"rendered":"<p><div class=\"fusion-fullwidth fullwidth-box fusion-builder-row-1 fusion-flex-container has-pattern-background has-mask-background nonhundred-percent-fullwidth non-hundred-percent-height-scrolling head-banner\" style=\"--awb-border-radius-top-left:0px;--awb-border-radius-top-right:0px;--awb-border-radius-bottom-right:0px;--awb-border-radius-bottom-left:0px;--awb-padding-bottom:30px;--awb-flex-wrap:wrap;\" ><div class=\"fusion-builder-row fusion-row fusion-flex-align-items-stretch fusion-flex-content-wrap\" style=\"max-width:calc( 1400px + 0px );margin-left: calc(-0px \/ 2 );margin-right: calc(-0px \/ 2 );\"><div class=\"fusion-layout-column fusion_builder_column fusion-builder-column-0 fusion_builder_column_1_1 1_1 fusion-flex-column\" style=\"--awb-padding-top:250px;--awb-bg-image:url(&#039;https:\/\/lipoid-nutrition.com\/wp-content\/uploads\/2026\/01\/NUTRITION_website_header_1400x250_about_us.jpg&#039;);--awb-bg-position:center center;--awb-bg-size:cover;--awb-width-large:100%;--awb-margin-top-large:0px;--awb-spacing-right-large:0px;--awb-margin-bottom-large:20px;--awb-spacing-left-large:0px;--awb-width-medium:100%;--awb-order-medium:0;--awb-spacing-right-medium:0px;--awb-spacing-left-medium:0px;--awb-width-small:100%;--awb-order-small:0;--awb-spacing-right-small:0px;--awb-spacing-left-small:0px;\" data-scroll-devices=\"small-visibility,medium-visibility,large-visibility\"><div class=\"fusion-column-wrapper fusion-column-has-shadow fusion-flex-justify-content-flex-start fusion-content-layout-column fusion-empty-column-bg-image fusion-column-has-bg-image\" data-bg-url=\"https:\/\/lipoid-nutrition.com\/wp-content\/uploads\/2026\/01\/NUTRITION_website_header_1400x250_about_us.jpg\"><img decoding=\"async\" class=\"fusion-empty-dims-img-placeholder fusion-no-large-visibility\" aria-label=\"NUTRITION_website_header_1400x250_about_us\" src=\"data:image\/svg+xml,%3Csvg%20xmlns%3D%27http%3A%2F%2Fwww.w3.org%2F2000%2Fsvg%27%20width%3D%271400%27%20height%3D%27250%27%20viewBox%3D%270%200%201400%20250%27%3E%3Crect%20width%3D%271400%27%20height%3D%27250%27%20fill-opacity%3D%220%22%2F%3E%3C%2Fsvg%3E\"><\/div><\/div><\/div><\/div><div class=\"fusion-fullwidth fullwidth-box fusion-builder-row-2 fusion-flex-container has-pattern-background has-mask-background nonhundred-percent-fullwidth non-hundred-percent-height-scrolling\" style=\"--awb-border-radius-top-left:0px;--awb-border-radius-top-right:0px;--awb-border-radius-bottom-right:0px;--awb-border-radius-bottom-left:0px;--awb-padding-right:150px;--awb-padding-left:150px;--awb-flex-wrap:wrap;\" ><div class=\"fusion-builder-row fusion-row fusion-flex-align-items-flex-start fusion-flex-content-wrap\" style=\"max-width:1456px;margin-left: calc(-4% \/ 2 );margin-right: calc(-4% \/ 2 );\"><div class=\"fusion-layout-column fusion_builder_column fusion-builder-column-1 fusion_builder_column_1_1 1_1 fusion-flex-column\" style=\"--awb-bg-size:cover;--awb-width-large:100%;--awb-margin-top-large:0px;--awb-spacing-right-large:1.92%;--awb-margin-bottom-large:20px;--awb-spacing-left-large:1.92%;--awb-width-medium:100%;--awb-order-medium:0;--awb-spacing-right-medium:1.92%;--awb-spacing-left-medium:1.92%;--awb-width-small:100%;--awb-order-small:0;--awb-spacing-right-small:1.92%;--awb-spacing-left-small:1.92%;\"><div class=\"fusion-column-wrapper fusion-column-has-shadow fusion-flex-justify-content-flex-start fusion-content-layout-column\"><div class=\"fusion-title title fusion-title-1 fusion-sep-none fusion-title-text fusion-title-size-one\" style=\"--awb-text-color:#d1813c;--awb-margin-top-small:10px;--awb-margin-bottom-small:10px;\"><h1 class=\"fusion-title-heading title-heading-left\" style=\"margin:0;\">Impressum<\/h1><\/div><div class=\"fusion-text fusion-text-1\"><h4>KONTAKT<\/h4>\n<p>Lipoid GmbH<br \/>\nFrigenstrasse 4<br \/>\n67065 Ludwigshafen\/Rhine<br \/>\nGermany<\/p>\n<p>Tel.: \u00a0\u00a0\u00a0 +49 621 538190<br \/>\nE-Mail:\u00a0<a href=\"mailto:info@lipoid.com\">info@lipoid.com<\/a><\/p>\n<h4>RECHTLICHE HINWEISE<\/h4>\n<p>Rechtsform: Gesellschaft mit beschr\u00e4nkter Haftung<br \/>\nSitz der Gesellschaft: Ludwigshafen<br \/>\nHandelsregister: Amtsgericht Ludwigshafen, HRB Nr. 3989<br \/>\nGesch\u00e4ftsf\u00fchrung: Dr. Frank Schubert<\/p>\n<p>Umsatzsteueridentifikationsnummer: DE175285119<\/p>\n<p>Inhaltlich verantwortlich i.S.v. \u00a7 55 Abs. 2 RStV: Dr. Frank Schubert<\/p>\n<p>Diese Seite gilt auch f\u00fcr Social-Media-Plattformen der Lipoid-Gruppe, z.B. f\u00fcr <a href=\"https:\/\/www.linkedin.com\/company\/lipoid-nutrition\" target=\"_blank\" rel=\"noopener\">Linkedin<\/a><\/p>\n<p>Bitte \u00fcberzeugen Sie sich in unserer Datenschutzrichtlinie, dass wir den Schutz Ihrer pers\u00f6nlichen Daten sehr ernst nehmen. Wir machen von uns aus keinen weiteren Gebrauch Ihrer Social-Media-Beitr\u00e4ge, es sei denn, wir weisen bei einer speziellen Aktivit\u00e4t explizit darauf hin.<\/p>\n<p><i><span lang=\"EN-US\">Infografik \u201cPhospho-Lee Pete\u201d von Daniela Leitner <\/span><\/i><i><a href=\"https:\/\/www.danielaleitner.de\/\"><span lang=\"EN-US\">https:\/\/www.danielaleitner.de\/<\/span><\/a><\/i><\/p>\n<\/div><\/div><\/div><\/div><\/div><div class=\"fusion-fullwidth fullwidth-box fusion-builder-row-3 fusion-flex-container has-pattern-background has-mask-background nonhundred-percent-fullwidth non-hundred-percent-height-scrolling\" style=\"--awb-border-radius-top-left:0px;--awb-border-radius-top-right:0px;--awb-border-radius-bottom-right:0px;--awb-border-radius-bottom-left:0px;--awb-padding-top:50px;--awb-flex-wrap:wrap;\" ><div class=\"fusion-builder-row fusion-row fusion-flex-align-items-flex-start fusion-flex-content-wrap\" style=\"max-width:1456px;margin-left: calc(-4% \/ 2 );margin-right: calc(-4% \/ 2 );\"><div class=\"fusion-layout-column fusion_builder_column fusion-builder-column-2 fusion_builder_column_1_1 1_1 fusion-flex-column\" style=\"--awb-bg-size:cover;--awb-width-large:100%;--awb-margin-top-large:0px;--awb-spacing-right-large:1.92%;--awb-margin-bottom-large:20px;--awb-spacing-left-large:1.92%;--awb-width-medium:100%;--awb-order-medium:0;--awb-spacing-right-medium:1.92%;--awb-spacing-left-medium:1.92%;--awb-width-small:100%;--awb-order-small:0;--awb-spacing-right-small:1.92%;--awb-spacing-left-small:1.92%;\"><div class=\"fusion-column-wrapper fusion-column-has-shadow fusion-flex-justify-content-flex-start fusion-content-layout-column\"><\/div><\/div><\/div><\/div><\/p>\n","protected":false},"excerpt":{"rendered":"","protected":false},"author":2,"featured_media":0,"parent":0,"menu_order":0,"comment_status":"closed","ping_status":"closed","template":"","meta":{"_acf_changed":false,"footnotes":""},"folder":[],"class_list":["post-8271","page","type-page","status-publish","hentry"],"acf":[],"_links":{"self":[{"href":"https:\/\/lipoid-nutrition.com\/de\/wp-json\/wp\/v2\/pages\/8271","targetHints":{"allow":["GET"]}}],"collection":[{"href":"https:\/\/lipoid-nutrition.com\/de\/wp-json\/wp\/v2\/pages"}],"about":[{"href":"https:\/\/lipoid-nutrition.com\/de\/wp-json\/wp\/v2\/types\/page"}],"author":[{"embeddable":true,"href":"https:\/\/lipoid-nutrition.com\/de\/wp-json\/wp\/v2\/users\/2"}],"replies":[{"embeddable":true,"href":"https:\/\/lipoid-nutrition.com\/de\/wp-json\/wp\/v2\/comments?post=8271"}],"version-history":[{"count":3,"href":"https:\/\/lipoid-nutrition.com\/de\/wp-json\/wp\/v2\/pages\/8271\/revisions"}],"predecessor-version":[{"id":8376,"href":"https:\/\/lipoid-nutrition.com\/de\/wp-json\/wp\/v2\/pages\/8271\/revisions\/8376"}],"wp:attachment":[{"href":"https:\/\/lipoid-nutrition.com\/de\/wp-json\/wp\/v2\/media?parent=8271"}],"wp:term":[{"taxonomy":"folder","embeddable":true,"href":"https:\/\/lipoid-nutrition.com\/de\/wp-json\/wp\/v2\/folder?post=8271"}],"curies":[{"name":"wp","href":"https:\/\/api.w.org\/{rel}","templated":true}]}}